{"id":80,"date":"2024-12-09T19:25:45","date_gmt":"2024-12-10T00:25:45","guid":{"rendered":"https:\/\/pilotes.montgolfieres.com\/f-a-q\/"},"modified":"2026-01-26T12:02:59","modified_gmt":"2026-01-26T17:02:59","slug":"faq","status":"publish","type":"page","link":"https:\/\/pilotes.montgolfieres.com\/fr\/faq\/","title":{"rendered":"FAQ"},"content":{"rendered":"<section class=\"wpb-content-wrapper\"><p>[vc_row][vc_column][vc_toggle title=\u00a0\u00bbQue se passe-t-il avec le portail des pilotes ?\u00a0\u00bb]<span style=\"font-weight: 400;\">En ce moment, le portail est en cours de mise \u00e0 jour. L\u2019\u00e9quipe travaille activement \u00e0 am\u00e9liorer le portail pour optimiser votre exp\u00e9rience utilisateur. Soyez assur\u00e9 que toutes les informations recueillies lors de la premi\u00e8re phase d\u2019inscription \u00e0 la 43e \u00e9dition seront sauvegard\u00e9es.<\/span>[\/vc_toggle][vc_toggle title=\u00a0\u00bbQu\u2019est-ce que l\u2019International de montgolfi\u00e8res de Saint-Jean-sur-Richelieu ?\u00a0\u00bb]<span style=\"font-weight: 400;\">Nous sommes le plus grand rassemblement de ballons au Canada, cr\u00e9ant chaque ann\u00e9e des souvenirs m\u00e9morables \u00e0 nos festivaliers. Notre festival met l\u2019emphase sur la musique et l\u2019\u00e9merveillement de la montgolfi\u00e8re.\u00a0<\/span>[\/vc_toggle][vc_toggle title=\u00a0\u00bbQuand aura lieu la 43e \u00e9dition ?\u00a0\u00bb]<span style=\"font-weight: 400;\">Du 7 au 9 ao\u00fbt et du 13 au 16 ao\u00fbt 2024, <\/span><span style=\"font-weight: 400;\">avec des envol\u00e9es pr\u00e9vues du 7 au 16 ao\u00fbt, renouvelant ainsi notre engagement pour <\/span><span style=\"font-weight: 400;\"><strong>une exp\u00e9rience montgolfi\u00e8res sur 10 jours<\/strong>.<\/span>[\/vc_toggle][vc_toggle title=\u00a0\u00bbQuand vais-je pouvoir m\u2019inscrire au festival ?\u00a0\u00bb]<span style=\"font-weight: 400;\">La premi\u00e8re phase d\u2019inscription est maintenant ouverte ! Remplissez d\u00e8s maintenant le formulaire d\u2019inscription <\/span><strong><a href=\"https:\/\/pilotes.montgolfieres.com\/fr\/inscription\/\">ici<\/a><\/strong><span style=\"font-weight: 400;\">.<\/span>[\/vc_toggle][vc_toggle title=\u00a0\u00bbQuand se termine la premi\u00e8re phase d\u2019inscription ?\u00a0\u00bb]<span style=\"font-weight: 400;\">La premi\u00e8re phase d\u2019inscription se termine <\/span><strong>le jeudi 12 f\u00e9vrier 2026<\/strong><span style=\"font-weight: 400;\">. Ne ratez pas cette chance de compl\u00e9ter votre formulaire et de participer \u00e0 la 43e \u00e9dition, tout en figurant dans nos communications pour le lancement officiel de la programmation !<\/span>[\/vc_toggle][vc_toggle title=\u00a0\u00bbPourquoi les inscriptions au festival ouvrent-elles plus t\u00f4t cette ann\u00e9e ?\u00a0\u00bb]<span style=\"font-weight: 400;\">Nous souhaitons rassembler un maximum d\u2019informations pour mettre en valeur les pilotes et leurs montgolfi\u00e8res lors du lancement officiel de notre programmation.<\/span><\/p>\n<p><span style=\"font-weight: 400;\">En remplissant d\u00e8s maintenant le formulaire d\u2019inscription, vous nous aidez \u00e0 mettre en lumi\u00e8re vos montgolfi\u00e8res dans nos outils de communication. Votre participation \u00e0 cette premi\u00e8re \u00e9tape renforcera ainsi votre visibilit\u00e9 et nous permettra de partager votre histoire et vos exploits avec les festivaliers.<\/span>[\/vc_toggle][vc_toggle title=\u00a0\u00bbJ\u2019ai une forme sp\u00e9ciale et j\u2019aimerais m\u2019inscrire au festival. Comment faire ?\u00a0\u00bb]<span style=\"font-weight: 400;\">Si vous d\u00e9sirez pr\u00e9senter une forme sp\u00e9ciale \u00e0 notre prochaine \u00e9dition, n&rsquo;h\u00e9sitez pas \u00e0 signaler votre int\u00e9r\u00eat en envoyant vos ballons disponibles \u00e0 notre responsable au <\/span><a href=\"mailto:sroy@montgolfieres.com\"><span style=\"font-weight: 400;\">sroy@montgolfieres.com<\/span><\/a>[\/vc_toggle][vc_toggle title=\u00a0\u00bbComment puis-je ajouter un deuxi\u00e8me pilote \u00e0 mon ballon pour le festival ?\u00a0\u00bb]<span style=\"font-weight: 400;\">Pour ajouter un pilote suppl\u00e9mentaire, rendez-vous dans la section \u00ab A\u00e9ronefs \u00bb du formulaire d\u2019inscription et ajoutez-le. De son c\u00f4t\u00e9, le deuxi\u00e8me pilote devra \u00e9galement remplir son propre formulaire pour fournir ses informations personnelles.<\/span>[\/vc_toggle][vc_toggle title=\u00a0\u00bbQuelle documentation dois-je avoir en main au moment de la premi\u00e8re phase d\u2019inscription ?\u00a0\u00bb]<span style=\"font-weight: 400;\">Il ne sera pas possible dans le formulaire d\u2019inscription de sauvegarder vos informations et de revenir plus tard. Pour simplifier le processus, nous vous recommandons de pr\u00e9parer les documents suivants :<\/span><\/p>\n<ul>\n<li><span style=\"font-weight: 400;\">Photo du pilote;<\/span><\/li>\n<li><span style=\"font-weight: 400;\">Photo du ballon;<\/span><\/li>\n<li><span style=\"font-weight: 400;\">Les lettres d\u2019immatriculation du ballon;<\/span><\/li>\n<\/ul>\n<p><span style=\"font-weight: 400;\">Pr\u00e9parez-vous \u00e9galement \u00e0 partager votre histoire et vos exploits afin d\u2019am\u00e9liorer votre visibilit\u00e9 sur nos plateformes. Voici quelques exemples de questions qui seront pos\u00e9es :\u00a0<\/span><\/p>\n<ul>\n<li><span style=\"font-weight: 400;\">Nombre d\u2019ann\u00e9es de participation au festival;<\/span><\/li>\n<li><span style=\"font-weight: 400;\">Ann\u00e9es d\u2019exp\u00e9riences comme pilote;<\/span><\/li>\n<li><span style=\"font-weight: 400;\">Nombre d\u2019heures de vol libre cumul\u00e9es;<\/span><\/li>\n<li><span style=\"font-weight: 400;\">Pays visit\u00e9s en montgolfi\u00e8res;\u00a0<\/span><\/li>\n<li><span style=\"font-weight: 400;\">Prix remport\u00e9s;<\/span><\/li>\n<li><span style=\"font-weight: 400;\">Records obtenus;<\/span><\/li>\n<li><span style=\"font-weight: 400;\">R\u00e9alisations particuli\u00e8res;<\/span><\/li>\n<li><span style=\"font-weight: 400;\">Anecdotes.<\/span><\/li>\n<\/ul>\n<p>[\/vc_toggle][vc_toggle title=\u00a0\u00bbUne fois mon application compl\u00e9t\u00e9e pour le festival, quand vais-je savoir si elle a \u00e9t\u00e9 accept\u00e9e ?\u00a0\u00bb]<span style=\"font-weight: 400;\">Le processus de validation aura lieu \u00e0 la fin de l&rsquo;hiver 2026.\u00a0<\/span>[\/vc_toggle][vc_toggle title=\u00a0\u00bbQuand aura lieu la prochaine phase d\u2019inscription ?\u00a0\u00bb]<span style=\"font-weight: 400;\">Nous vous tiendrons inform\u00e9s en temps opportun de la prochaine phase d\u2019inscription. Vous pourrez alors compl\u00e9ter des informations suppl\u00e9mentaires, notamment :<\/span><\/p>\n<ul>\n<li style=\"font-weight: 400;\" aria-level=\"1\"><span style=\"font-weight: 400;\">Documents requis<\/span><\/li>\n<li style=\"font-weight: 400;\" aria-level=\"1\"><span style=\"font-weight: 400;\">Vols payants<\/span><\/li>\n<li style=\"font-weight: 400;\" aria-level=\"1\"><span style=\"font-weight: 400;\">\u00c9quipes de poursuite<\/span><\/li>\n<li style=\"font-weight: 400;\" aria-level=\"1\"><span style=\"font-weight: 400;\">Activit\u00e9s<\/span><\/li>\n<li style=\"font-weight: 400;\" aria-level=\"1\"><span style=\"font-weight: 400;\">Autres renseignements<\/span><\/li>\n<\/ul>\n<p><span style=\"font-weight: 400;\">Restez \u00e0 l\u2019aff\u00fbt !<\/span>[\/vc_toggle][vc_toggle title=\u00a0\u00bbEst-ce qu\u2019il y a des frais d\u2019inscription pour participer au festival et aux \u00e9v\u00e9nements ?\u00a0\u00bb]<span style=\"font-weight: 400;\">Il n&rsquo;y a aucun frais pour participer au festival et aux \u00e9v\u00e9nements.<\/span>[\/vc_toggle][vc_toggle title=\u00a0\u00bbJe ne peux plus participer, comment puis-je me d\u00e9sinscrire ?\u00a0\u00bb]<span style=\"font-weight: 400;\">Pour ce qui concerne la d\u00e9sinscription \u00e0 un \u00e9v\u00e9nement, veuillez transmettre votre demande \u00e0 l\u2019adresse suivante: <\/span><a href=\"https:\/\/pilotes.montgolfieres.com\/user\/faq#\"><span style=\"font-weight: 400;\">sroy@montgolfieres.com<\/span><\/a><span style=\"font-weight: 400;\">.<\/span>[\/vc_toggle][\/vc_column][\/vc_row]<\/p>\n<\/section>","protected":false},"excerpt":{"rendered":"<p>[vc_row][vc_column][vc_toggle title=\u00a0\u00bbQue se passe-t-il avec le portail des pilotes ?\u00a0\u00bb]En ce moment, le portail est en cours de mise \u00e0 jour. L\u2019\u00e9quipe travaille activement \u00e0 am\u00e9liorer le portail pour optimiser votre exp\u00e9rience utilisateur. Soyez assur\u00e9 que toutes les informations recueillies lors de la premi\u00e8re phase d\u2019inscription \u00e0 la 43e \u00e9dition seront sauvegard\u00e9es.[\/vc_toggle][vc_toggle title=\u00a0\u00bbQu\u2019est-ce que l\u2019International&#8230;<\/p>\n","protected":false},"author":1,"featured_media":0,"parent":0,"menu_order":0,"comment_status":"closed","ping_status":"closed","template":"","meta":{"_acf_changed":false,"_kadence_starter_templates_imported_post":false,"_kad_post_transparent":"default","_kad_post_title":"default","_kad_post_layout":"default","_kad_post_sidebar_id":"","_kad_post_content_style":"default","_kad_post_vertical_padding":"default","_kad_post_feature":"","_kad_post_feature_position":"","_kad_post_header":false,"_kad_post_footer":false,"footnotes":""},"class_list":["post-80","page","type-page","status-publish","hentry"],"acf":[],"_links":{"self":[{"href":"https:\/\/pilotes.montgolfieres.com\/fr\/wp-json\/wp\/v2\/pages\/80","targetHints":{"allow":["GET"]}}],"collection":[{"href":"https:\/\/pilotes.montgolfieres.com\/fr\/wp-json\/wp\/v2\/pages"}],"about":[{"href":"https:\/\/pilotes.montgolfieres.com\/fr\/wp-json\/wp\/v2\/types\/page"}],"author":[{"embeddable":true,"href":"https:\/\/pilotes.montgolfieres.com\/fr\/wp-json\/wp\/v2\/users\/1"}],"replies":[{"embeddable":true,"href":"https:\/\/pilotes.montgolfieres.com\/fr\/wp-json\/wp\/v2\/comments?post=80"}],"version-history":[{"count":12,"href":"https:\/\/pilotes.montgolfieres.com\/fr\/wp-json\/wp\/v2\/pages\/80\/revisions"}],"predecessor-version":[{"id":386,"href":"https:\/\/pilotes.montgolfieres.com\/fr\/wp-json\/wp\/v2\/pages\/80\/revisions\/386"}],"wp:attachment":[{"href":"https:\/\/pilotes.montgolfieres.com\/fr\/wp-json\/wp\/v2\/media?parent=80"}],"curies":[{"name":"wp","href":"https:\/\/api.w.org\/{rel}","templated":true}]}}