{"id":79,"date":"2022-06-06T10:32:12","date_gmt":"2022-06-06T14:32:12","guid":{"rendered":"https:\/\/pilotes.montgolfieres.com\/home\/"},"modified":"2026-01-26T09:54:50","modified_gmt":"2026-01-26T14:54:50","slug":"home","status":"publish","type":"page","link":"https:\/\/pilotes.montgolfieres.com\/fr\/","title":{"rendered":"Home"},"content":{"rendered":"<section class=\"wpb-content-wrapper\"><p>[vc_row][vc_column css=\u00a0\u00bb.vc_custom_1733789369645{background-color: #69d8d4 !important;}\u00a0\u00bb][vc_row_inner el_class=\u00a0\u00bbinner-row\u00a0\u00bb][vc_column_inner width=\u00a0\u00bb1\/2&Prime;][vc_column_text]<\/p>\n<h1><b>PORTAIL DES PILOTES<\/b><\/h1>\n<p><span style=\"font-weight: 400;\">Bienvenue sur le portail des pilotes !\u00a0 Vous trouverez ici tout ce dont vous avez besoin pour la 43e \u00e9dition de l\u2019International de montgolfi\u00e8res de Saint-Jean-sur-Richelieu : formulaire d\u2019inscription, infos essentielles, et bien plus \u00e0 venir.\u00a0<\/span>[\/vc_column_text][vc_btn title=\u00a0\u00bbInscrivez vous \u00e0 notre infolettre\u00a0\u00bb color=\u00a0\u00bbsuccess\u00a0\u00bb link=\u00a0\u00bburl:https%3A%2F%2Face2de64.sibforms.com%2Fserve%2FMUIFAG0R3zUMyf3vt0QvIOKaE9fvgK5miCGfOe2OHG-Qb_nGDRn4snTBL8sjgwNEeEM6-0KUu_aFxEfFVBa5py1m9_KgyqwKDZj5wJ-Qe0yvjIJis4wP-oPqtQsjiXrbEDNZ1-78dyxRnwAic25LRGuvKw4a6iiZwm_w4qBMQjha9Y1-H_BewA3M4kmdOO4KxIwbgewLmtFxULkp\u00a0\u00bb][\/vc_column_inner][vc_column_inner width=\u00a0\u00bb1\/2&Prime;][vc_single_image image=\u00a0\u00bb91&Prime; img_size=\u00a0\u00bbmedium\u00a0\u00bb alignment=\u00a0\u00bbcenter\u00a0\u00bb][\/vc_column_inner][\/vc_row_inner][\/vc_column][\/vc_row][vc_row][vc_column][vc_row_inner el_class=\u00a0\u00bbinner-row\u00a0\u00bb css=\u00a0\u00bb.vc_custom_1734018439125{margin-top: 40px !important;}\u00a0\u00bb][vc_column_inner width=\u00a0\u00bb1\/2&Prime;][vc_cta h2=\u00a0\u00bbInscrivez-vous \u00e0 la 43e \u00e9dition!\u00a0\u00bb txt_align=\u00a0\u00bbcenter\u00a0\u00bb add_button=\u00a0\u00bbbottom\u00a0\u00bb btn_title=\u00a0\u00bbSe connecter\u00a0\u00bb btn_style=\u00a0\u00bbflat\u00a0\u00bb btn_color=\u00a0\u00bbblack\u00a0\u00bb btn_align=\u00a0\u00bbcenter\u00a0\u00bb add_icon=\u00a0\u00bbtop\u00a0\u00bb i_icon_fontawesome=\u00a0\u00bbfar fa-copy\u00a0\u00bb i_color=\u00a0\u00bbgrey\u00a0\u00bb i_background_style=\u00a0\u00bbrounded\u00a0\u00bb i_background_color=\u00a0\u00bbblack\u00a0\u00bb i_size=\u00a0\u00bbsm\u00a0\u00bb css=\u00a0\u00bb.vc_custom_1768234582930{border-radius: 20px !important;}\u00a0\u00bb btn_link=\u00a0\u00bburl:https%3A%2F%2Fpilotes.montgolfieres.com%2Ffr%2Fmon-compte%2F|title:Register\u00a0\u00bb]<\/p>\n<p class=\"\" data-start=\"60\" data-end=\"401\">Remplissez le formulaire pour confirmer votre inscription et faire partie de l\u2019aventure lors de la prochaine \u00e9dition de l\u2019International de Montgolfi\u00e8res. Partagez \u00e9galement les informations essentielles qui nous permettront de mettre en valeur les montgolfi\u00e8res dans nos prochaines campagnes promotionnelles.<\/p>\n<p>[\/vc_cta][\/vc_column_inner][vc_column_inner width=\u00a0\u00bb1\/2&Prime;][vc_cta h2=\u00a0\u00bbDES QUESTIONS SUR LA PREMI\u00c8RE PHASE D\u2019INSCRIPTION ?\u00a0\u00bb txt_align=\u00a0\u00bbcenter\u00a0\u00bb add_button=\u00a0\u00bbbottom\u00a0\u00bb btn_title=\u00a0\u00bbJ&rsquo;ai une question\u00a0\u00bb btn_style=\u00a0\u00bbflat\u00a0\u00bb btn_color=\u00a0\u00bbblack\u00a0\u00bb btn_align=\u00a0\u00bbcenter\u00a0\u00bb add_icon=\u00a0\u00bbtop\u00a0\u00bb i_icon_fontawesome=\u00a0\u00bbfas fa-question-circle\u00a0\u00bb i_color=\u00a0\u00bbgrey\u00a0\u00bb i_background_style=\u00a0\u00bbrounded\u00a0\u00bb i_background_color=\u00a0\u00bbblack\u00a0\u00bb i_size=\u00a0\u00bbsm\u00a0\u00bb btn_link=\u00a0\u00bburl:https%3A%2F%2Fpilotes.montgolfieres.com%2Ffr%2Ffaq%2F|title:F.A.Q.\u00a0\u00bb i_link=\u00a0\u00bburl:https%3A%2F%2Fpilotes.montgolfieres.com%2Ffr%2Ff-a-q%2F|title:F.A.Q.\u00a0\u00bb css=\u00a0\u00bb.vc_custom_1768419670184{border-radius: 20px !important;}\u00a0\u00bb]<span style=\"font-weight: 400;\">Consultez notre FAQ pour trouver toutes les r\u00e9ponses! Et si vous ne trouvez pas ce que vous cherchez, \u00e9crivez-nous \u00e0 <a href=\"mailto:pilotes@montgolfieres.com\">sroy@montgolfieres.com<\/a>.<\/span>[\/vc_cta][\/vc_column_inner][\/vc_row_inner][\/vc_column][\/vc_row]<\/p>\n<\/section>","protected":false},"excerpt":{"rendered":"<p>[vc_row][vc_column css=\u00a0\u00bb.vc_custom_1733789369645{background-color: #69d8d4 !important;}\u00a0\u00bb][vc_row_inner el_class=\u00a0\u00bbinner-row\u00a0\u00bb][vc_column_inner width=\u00a0\u00bb1\/2&Prime;][vc_column_text] PORTAIL DES PILOTES Bienvenue sur le portail des pilotes !\u00a0 Vous trouverez ici tout ce dont vous avez besoin pour la 43e \u00e9dition de l\u2019International de montgolfi\u00e8res de Saint-Jean-sur-Richelieu : formulaire d\u2019inscription, infos essentielles, et bien plus \u00e0 venir.\u00a0[\/vc_column_text][vc_btn title=\u00a0\u00bbInscrivez vous \u00e0 notre infolettre\u00a0\u00bb color=\u00a0\u00bbsuccess\u00a0\u00bb link=\u00a0\u00bburl:https%3A%2F%2Face2de64.sibforms.com%2Fserve%2FMUIFAG0R3zUMyf3vt0QvIOKaE9fvgK5miCGfOe2OHG-Qb_nGDRn4snTBL8sjgwNEeEM6-0KUu_aFxEfFVBa5py1m9_KgyqwKDZj5wJ-Qe0yvjIJis4wP-oPqtQsjiXrbEDNZ1-78dyxRnwAic25LRGuvKw4a6iiZwm_w4qBMQjha9Y1-H_BewA3M4kmdOO4KxIwbgewLmtFxULkp\u00a0\u00bb][\/vc_column_inner][vc_column_inner width=\u00a0\u00bb1\/2&Prime;][vc_single_image image=\u00a0\u00bb91&Prime; img_size=\u00a0\u00bbmedium\u00a0\u00bb&#8230;<\/p>\n","protected":false},"author":1,"featured_media":0,"parent":0,"menu_order":0,"comment_status":"closed","ping_status":"closed","template":"","meta":{"_acf_changed":false,"_kadence_starter_templates_imported_post":true,"_kad_post_transparent":"default","_kad_post_title":"hide","_kad_post_layout":"fullwidth","_kad_post_sidebar_id":"","_kad_post_content_style":"unboxed","_kad_post_vertical_padding":"hide","_kad_post_feature":"hide","_kad_post_feature_position":"","_kad_post_header":false,"_kad_post_footer":false,"footnotes":""},"class_list":["post-79","page","type-page","status-publish","hentry"],"acf":[],"_links":{"self":[{"href":"https:\/\/pilotes.montgolfieres.com\/fr\/wp-json\/wp\/v2\/pages\/79","targetHints":{"allow":["GET"]}}],"collection":[{"href":"https:\/\/pilotes.montgolfieres.com\/fr\/wp-json\/wp\/v2\/pages"}],"about":[{"href":"https:\/\/pilotes.montgolfieres.com\/fr\/wp-json\/wp\/v2\/types\/page"}],"author":[{"embeddable":true,"href":"https:\/\/pilotes.montgolfieres.com\/fr\/wp-json\/wp\/v2\/users\/1"}],"replies":[{"embeddable":true,"href":"https:\/\/pilotes.montgolfieres.com\/fr\/wp-json\/wp\/v2\/comments?post=79"}],"version-history":[{"count":29,"href":"https:\/\/pilotes.montgolfieres.com\/fr\/wp-json\/wp\/v2\/pages\/79\/revisions"}],"predecessor-version":[{"id":384,"href":"https:\/\/pilotes.montgolfieres.com\/fr\/wp-json\/wp\/v2\/pages\/79\/revisions\/384"}],"wp:attachment":[{"href":"https:\/\/pilotes.montgolfieres.com\/fr\/wp-json\/wp\/v2\/media?parent=79"}],"curies":[{"name":"wp","href":"https:\/\/api.w.org\/{rel}","templated":true}]}}